{"id":15718,"date":"2025-05-15T14:11:41","date_gmt":"2025-05-15T17:11:41","guid":{"rendered":"https:\/\/mrmanutencaopadarias.com.br\/?page_id=15718"},"modified":"2025-05-15T15:16:35","modified_gmt":"2025-05-15T18:16:35","slug":"manutencao-tecnica","status":"publish","type":"page","link":"https:\/\/mrmanutencaopadarias.com.br\/?page_id=15718","title":{"rendered":"Manuten\u00e7\u00e3o T\u00e9cnica"},"content":{"rendered":"<p>Na MR Manuten\u00e7\u00e3o de Padarias, oferecemos servi\u00e7os t\u00e9cnicos especializados para garantir que seus equipamentos funcionem com m\u00e1xima efici\u00eancia e seguran\u00e7a. Contamos com uma equipe altamente capacitada para realizar manuten\u00e7\u00e3o preventiva e corretiva em fornos, masseiras, modeladoras, cilindros e outros equipamentos essenciais do seu neg\u00f3cio. Com agilidade e qualidade, ajudamos a evitar paradas inesperadas e preju\u00edzos \u00e0 produ\u00e7\u00e3o.<\/p><p><\/p>","protected":false},"excerpt":{"rendered":"<p>Na MR Manuten\u00e7\u00e3o de Padarias, oferecemos servi\u00e7os t\u00e9cnicos especializados para garantir que seus equipamentos funcionem com m\u00e1xima efici\u00eancia e seguran\u00e7a.<\/p>\n","protected":false},"author":1,"featured_media":0,"parent":0,"menu_order":0,"comment_status":"closed","ping_status":"closed","template":"","meta":{"_joinchat":[],"footnotes":""},"class_list":["post-15718","page","type-page","status-publish","hentry"],"_links":{"self":[{"href":"https:\/\/mrmanutencaopadarias.com.br\/index.php?rest_route=\/wp\/v2\/pages\/15718","targetHints":{"allow":["GET"]}}],"collection":[{"href":"https:\/\/mrmanutencaopadarias.com.br\/index.php?rest_route=\/wp\/v2\/pages"}],"about":[{"href":"https:\/\/mrmanutencaopadarias.com.br\/index.php?rest_route=\/wp\/v2\/types\/page"}],"author":[{"embeddable":true,"href":"https:\/\/mrmanutencaopadarias.com.br\/index.php?rest_route=\/wp\/v2\/users\/1"}],"replies":[{"embeddable":true,"href":"https:\/\/mrmanutencaopadarias.com.br\/index.php?rest_route=%2Fwp%2Fv2%2Fcomments&post=15718"}],"version-history":[{"count":2,"href":"https:\/\/mrmanutencaopadarias.com.br\/index.php?rest_route=\/wp\/v2\/pages\/15718\/revisions"}],"predecessor-version":[{"id":15740,"href":"https:\/\/mrmanutencaopadarias.com.br\/index.php?rest_route=\/wp\/v2\/pages\/15718\/revisions\/15740"}],"wp:attachment":[{"href":"https:\/\/mrmanutencaopadarias.com.br\/index.php?rest_route=%2Fwp%2Fv2%2Fmedia&parent=15718"}],"curies":[{"name":"wp","href":"https:\/\/api.w.org\/{rel}","templated":true}]}}