{"id":15720,"date":"2025-05-15T14:13:25","date_gmt":"2025-05-15T17:13:25","guid":{"rendered":"https:\/\/mrmanutencaopadarias.com.br\/?page_id=15720"},"modified":"2025-05-15T15:17:56","modified_gmt":"2025-05-15T18:17:56","slug":"reformas-de-equipamentos","status":"publish","type":"page","link":"https:\/\/mrmanutencaopadarias.com.br\/?page_id=15720","title":{"rendered":"Reformas de Equipamentos"},"content":{"rendered":"<p>Seu equipamento est\u00e1 antigo, mas ainda tem potencial? N\u00f3s reformamos! Realizamos reformas completas em equipamentos de panifica\u00e7\u00e3o, restaurando pe\u00e7as, pintando e modernizando funcionalidades. Garantimos desempenho renovado com \u00f3timo custo-benef\u00edcio, sem abrir m\u00e3o da seguran\u00e7a e qualidade.<\/p><p><\/p>","protected":false},"excerpt":{"rendered":"<p>Seu equipamento est\u00e1 antigo, mas ainda tem potencial? N\u00f3s reformamos! Realizamos reformas completas em equipamentos de panifica\u00e7\u00e3o, restaurando pe\u00e7as, pintando<\/p>\n","protected":false},"author":1,"featured_media":0,"parent":0,"menu_order":0,"comment_status":"closed","ping_status":"closed","template":"","meta":{"_joinchat":[],"footnotes":""},"class_list":["post-15720","page","type-page","status-publish","hentry"],"_links":{"self":[{"href":"https:\/\/mrmanutencaopadarias.com.br\/index.php?rest_route=\/wp\/v2\/pages\/15720","targetHints":{"allow":["GET"]}}],"collection":[{"href":"https:\/\/mrmanutencaopadarias.com.br\/index.php?rest_route=\/wp\/v2\/pages"}],"about":[{"href":"https:\/\/mrmanutencaopadarias.com.br\/index.php?rest_route=\/wp\/v2\/types\/page"}],"author":[{"embeddable":true,"href":"https:\/\/mrmanutencaopadarias.com.br\/index.php?rest_route=\/wp\/v2\/users\/1"}],"replies":[{"embeddable":true,"href":"https:\/\/mrmanutencaopadarias.com.br\/index.php?rest_route=%2Fwp%2Fv2%2Fcomments&post=15720"}],"version-history":[{"count":2,"href":"https:\/\/mrmanutencaopadarias.com.br\/index.php?rest_route=\/wp\/v2\/pages\/15720\/revisions"}],"predecessor-version":[{"id":15741,"href":"https:\/\/mrmanutencaopadarias.com.br\/index.php?rest_route=\/wp\/v2\/pages\/15720\/revisions\/15741"}],"wp:attachment":[{"href":"https:\/\/mrmanutencaopadarias.com.br\/index.php?rest_route=%2Fwp%2Fv2%2Fmedia&parent=15720"}],"curies":[{"name":"wp","href":"https:\/\/api.w.org\/{rel}","templated":true}]}}