{"id":15722,"date":"2025-05-15T14:18:30","date_gmt":"2025-05-15T17:18:30","guid":{"rendered":"https:\/\/mrmanutencaopadarias.com.br\/?page_id=15722"},"modified":"2025-05-15T15:19:13","modified_gmt":"2025-05-15T18:19:13","slug":"venda-de-maquinas","status":"publish","type":"page","link":"https:\/\/mrmanutencaopadarias.com.br\/?page_id=15722","title":{"rendered":"Venda de M\u00e1quinas"},"content":{"rendered":"<p>Trabalhamos com a venda de m\u00e1quinas novas e seminovas das principais marcas do mercado de panifica\u00e7\u00e3o. Nosso portf\u00f3lio inclui fornos, batedeiras, cilindros, modeladoras, masseiras, c\u00e2maras de fermenta\u00e7\u00e3o e muito mais. Auxiliamos voc\u00ea a escolher os equipamentos ideais para seu neg\u00f3cio, com garantia e suporte t\u00e9cnico.<\/p>","protected":false},"excerpt":{"rendered":"<p>Trabalhamos com a venda de m\u00e1quinas novas e seminovas das principais marcas do mercado de panifica\u00e7\u00e3o. Nosso portf\u00f3lio inclui fornos,<\/p>\n","protected":false},"author":1,"featured_media":0,"parent":0,"menu_order":0,"comment_status":"closed","ping_status":"closed","template":"","meta":{"_joinchat":[],"footnotes":""},"class_list":["post-15722","page","type-page","status-publish","hentry"],"_links":{"self":[{"href":"https:\/\/mrmanutencaopadarias.com.br\/index.php?rest_route=\/wp\/v2\/pages\/15722","targetHints":{"allow":["GET"]}}],"collection":[{"href":"https:\/\/mrmanutencaopadarias.com.br\/index.php?rest_route=\/wp\/v2\/pages"}],"about":[{"href":"https:\/\/mrmanutencaopadarias.com.br\/index.php?rest_route=\/wp\/v2\/types\/page"}],"author":[{"embeddable":true,"href":"https:\/\/mrmanutencaopadarias.com.br\/index.php?rest_route=\/wp\/v2\/users\/1"}],"replies":[{"embeddable":true,"href":"https:\/\/mrmanutencaopadarias.com.br\/index.php?rest_route=%2Fwp%2Fv2%2Fcomments&post=15722"}],"version-history":[{"count":2,"href":"https:\/\/mrmanutencaopadarias.com.br\/index.php?rest_route=\/wp\/v2\/pages\/15722\/revisions"}],"predecessor-version":[{"id":15742,"href":"https:\/\/mrmanutencaopadarias.com.br\/index.php?rest_route=\/wp\/v2\/pages\/15722\/revisions\/15742"}],"wp:attachment":[{"href":"https:\/\/mrmanutencaopadarias.com.br\/index.php?rest_route=%2Fwp%2Fv2%2Fmedia&parent=15722"}],"curies":[{"name":"wp","href":"https:\/\/api.w.org\/{rel}","templated":true}]}}