{"id":15729,"date":"2025-05-15T14:22:25","date_gmt":"2025-05-15T17:22:25","guid":{"rendered":"https:\/\/mrmanutencaopadarias.com.br\/?page_id=15729"},"modified":"2025-05-15T15:19:50","modified_gmt":"2025-05-15T18:19:50","slug":"pecas-para-panificacao","status":"publish","type":"page","link":"https:\/\/mrmanutencaopadarias.com.br\/?page_id=15729","title":{"rendered":"Pe\u00e7as para Panifica\u00e7\u00e3o"},"content":{"rendered":"<p>Precisa de pe\u00e7as de reposi\u00e7\u00e3o? Aqui voc\u00ea encontra! Trabalhamos com ampla variedade de pe\u00e7as para as principais marcas do setor de panifica\u00e7\u00e3o. Nossa equipe t\u00e9cnica ajuda voc\u00ea a identificar a pe\u00e7a certa para o seu equipamento, com garantia de durabilidade e pronta entrega.<\/p><hr class=\"wp-block-separator has-alpha-channel-opacity\"\/>","protected":false},"excerpt":{"rendered":"<p>Precisa de pe\u00e7as de reposi\u00e7\u00e3o? Aqui voc\u00ea encontra! Trabalhamos com ampla variedade de pe\u00e7as para as principais marcas do setor<\/p>\n","protected":false},"author":1,"featured_media":0,"parent":0,"menu_order":0,"comment_status":"closed","ping_status":"closed","template":"","meta":{"_joinchat":[],"footnotes":""},"class_list":["post-15729","page","type-page","status-publish","hentry"],"_links":{"self":[{"href":"https:\/\/mrmanutencaopadarias.com.br\/index.php?rest_route=\/wp\/v2\/pages\/15729","targetHints":{"allow":["GET"]}}],"collection":[{"href":"https:\/\/mrmanutencaopadarias.com.br\/index.php?rest_route=\/wp\/v2\/pages"}],"about":[{"href":"https:\/\/mrmanutencaopadarias.com.br\/index.php?rest_route=\/wp\/v2\/types\/page"}],"author":[{"embeddable":true,"href":"https:\/\/mrmanutencaopadarias.com.br\/index.php?rest_route=\/wp\/v2\/users\/1"}],"replies":[{"embeddable":true,"href":"https:\/\/mrmanutencaopadarias.com.br\/index.php?rest_route=%2Fwp%2Fv2%2Fcomments&post=15729"}],"version-history":[{"count":2,"href":"https:\/\/mrmanutencaopadarias.com.br\/index.php?rest_route=\/wp\/v2\/pages\/15729\/revisions"}],"predecessor-version":[{"id":15743,"href":"https:\/\/mrmanutencaopadarias.com.br\/index.php?rest_route=\/wp\/v2\/pages\/15729\/revisions\/15743"}],"wp:attachment":[{"href":"https:\/\/mrmanutencaopadarias.com.br\/index.php?rest_route=%2Fwp%2Fv2%2Fmedia&parent=15729"}],"curies":[{"name":"wp","href":"https:\/\/api.w.org\/{rel}","templated":true}]}}