{"id":15735,"date":"2025-05-15T14:31:15","date_gmt":"2025-05-15T17:31:15","guid":{"rendered":"https:\/\/mrmanutencaopadarias.com.br\/?page_id=15735"},"modified":"2025-05-30T17:15:29","modified_gmt":"2025-05-30T20:15:29","slug":"conheca-a-mr-manutencao-de-padarias","status":"publish","type":"page","link":"https:\/\/mrmanutencaopadarias.com.br\/?page_id=15735","title":{"rendered":"Conhe\u00e7a a MR Manuten\u00e7\u00e3o de Padarias"},"content":{"rendered":"\t\t<div data-elementor-type=\"wp-page\" data-elementor-id=\"15735\" class=\"elementor elementor-15735\">\n\t\t\t\t<div class=\"wd-negative-gap elementor-element elementor-element-0ae4b14 e-flex e-con-boxed e-con e-parent\" data-id=\"0ae4b14\" data-element_type=\"container\">\n\t\t\t\t\t<div class=\"e-con-inner\">\n\t\t\t\t<div class=\"elementor-element elementor-element-4273a7f wd-width-100 elementor-widget elementor-widget-wd_title\" data-id=\"4273a7f\" data-element_type=\"widget\" data-widget_type=\"wd_title.default\">\n\t\t\t\t<div class=\"elementor-widget-container\">\n\t\t\t\t\t\t\t<div class=\"title-wrapper wd-set-mb reset-last-child wd-title-color-default wd-title-style-default wd-title-size-default text-center\">\n\n\t\t\t\t\t\t\t\t\t\t\t<div class=\"title-subtitle subtitle-color-default subtitle-style-default wd-fontsize-xs\">\n\t\t\t\t\tSobre a MR\t\t\t\t<\/div>\n\t\t\t\n\t\t\t<div class=\"liner-continer\">\n\t\t\t\t<h4 class=\"woodmart-title-container title wd-fontsize-l\">Seja bem-vindo (a) a MR Manuten\u00e7\u00e3o e Equipamentos de Panifica\u00e7\u00e3o<\/h4> \n\t\t\t\t\t\t\t<\/div>\n\n\t\t\t\t\t\t\t<div class=\"title-after_title reset-last-child wd-fontsize-xs\">\n\t\t\t\t\t<p>A MR Manuten\u00e7\u00e3o e Equipamentos de Panifica\u00e7\u00e3o atua com excel\u00eancia, h\u00e1 18 anos com solu\u00e7\u00f5es completas para padarias.<\/p>\t\t\t\t<\/div>\n\t\t\t\t\t<\/div>\n\t\t\t\t\t\t<\/div>\n\t\t\t\t<\/div>\n\t\t\t\t\t<\/div>\n\t\t\t\t<\/div>\n\t\t<div class=\"wd-negative-gap elementor-element elementor-element-212fa574 e-flex e-con-boxed e-con e-parent\" data-id=\"212fa574\" data-element_type=\"container\">\n\t\t\t\t\t<div class=\"e-con-inner\">\n\t\t\t\t<div class=\"elementor-element elementor-element-7b76e86c color-scheme-dark text-left elementor-widget elementor-widget-text-editor\" data-id=\"7b76e86c\" data-element_type=\"widget\" data-widget_type=\"text-editor.default\">\n\t\t\t\t<div class=\"elementor-widget-container\"><p data-start=\"331\" data-end=\"520\">Desde a funda\u00e7\u00e3o, a <strong data-start=\"351\" data-end=\"368\">MR Manuten\u00e7\u00e3o<\/strong> tem um objetivo claro: <strong data-start=\"392\" data-end=\"519\">levar mais seguran\u00e7a, produtividade e economia para panificadoras, confeitarias e cozinhas industriais de Londrina e regi\u00e3o<\/strong>.<\/p>\n<p data-start=\"522\" data-end=\"797\">Com uma equipe t\u00e9cnica altamente qualificada e estrutura completa, nos tornamos refer\u00eancia em <strong data-start=\"616\" data-end=\"692\">manuten\u00e7\u00e3o, reformas e recondicionamento de equipamentos de panifica\u00e7\u00e3o.<\/strong><\/p><\/div>\n\t\t\t\t<\/div>\n\t\t\t\t<div class=\"elementor-element elementor-element-c2b529c elementor-widget elementor-widget-wd_list\" data-id=\"c2b529c\" data-element_type=\"widget\" data-widget_type=\"wd_list.default\">\n\t\t\t\t<div class=\"elementor-widget-container\">\n\t\t\t\t\t\t\t<ul class=\"wd-list color-scheme-custom wd-fontsize-xs wd-type-icon wd-style-default text-left\">\n\t\t\t\t\t\t\t\t\t\t\t<li class=\"elementor-repeater-item-2cb764a\">\n\t\t\t\t\t\t\t\t\t\t\t<span class=\"wd-icon\"><svg class=\"e-font-icon-svg e-fas-chevron-circle-right\" viewBox=\"0 0 512 512\" xmlns=\"http:\/\/www.w3.org\/2000\/svg\"><path d=\"M256 8c137 0 248 111 248 248S393 504 256 504 8 393 8 256 119 8 256 8zm113.9 231L234.4 103.5c-9.4-9.4-24.6-9.4-33.9 0l-17 17c-9.4 9.4-9.4 24.6 0 33.9L285.1 256 183.5 357.6c-9.4 9.4-9.4 24.6 0 33.9l17 17c9.4 9.4 24.6 9.4 33.9 0L369.9 273c9.4-9.4 9.4-24.6 0-34z\"><\/path><\/svg><\/span>\t\t\t\t\t\n\t\t\t\t\t<span class=\"wd-list-content list-content\">\n\t\t\t\t\t\t Experi\u00eancia t\u00e9cnica\t\t\t\t\t<\/span>\n\n\t\t\t\t\t\t\t\t\t<\/li>\n\t\t\t\t\t\t\t\t\t\t\t<li class=\"elementor-repeater-item-4e6fe95\">\n\t\t\t\t\t\t\t\t\t\t\t<span class=\"wd-icon\"><svg class=\"e-font-icon-svg e-fas-chevron-circle-right\" viewBox=\"0 0 512 512\" xmlns=\"http:\/\/www.w3.org\/2000\/svg\"><path d=\"M256 8c137 0 248 111 248 248S393 504 256 504 8 393 8 256 119 8 256 8zm113.9 231L234.4 103.5c-9.4-9.4-24.6-9.4-33.9 0l-17 17c-9.4 9.4-9.4 24.6 0 33.9L285.1 256 183.5 357.6c-9.4 9.4-9.4 24.6 0 33.9l17 17c9.4 9.4 24.6 9.4 33.9 0L369.9 273c9.4-9.4 9.4-24.6 0-34z\"><\/path><\/svg><\/span>\t\t\t\t\t\n\t\t\t\t\t<span class=\"wd-list-content list-content\">\n\t\t\t\t\t\tAtendimento r\u00e1pido\t\t\t\t\t<\/span>\n\n\t\t\t\t\t\t\t\t\t<\/li>\n\t\t\t\t\t\t\t\t\t\t\t<li class=\"elementor-repeater-item-7158509\">\n\t\t\t\t\t\t\t\t\t\t\t<span class=\"wd-icon\"><svg class=\"e-font-icon-svg e-fas-chevron-circle-right\" viewBox=\"0 0 512 512\" xmlns=\"http:\/\/www.w3.org\/2000\/svg\"><path d=\"M256 8c137 0 248 111 248 248S393 504 256 504 8 393 8 256 119 8 256 8zm113.9 231L234.4 103.5c-9.4-9.4-24.6-9.4-33.9 0l-17 17c-9.4 9.4-9.4 24.6 0 33.9L285.1 256 183.5 357.6c-9.4 9.4-9.4 24.6 0 33.9l17 17c9.4 9.4 24.6 9.4 33.9 0L369.9 273c9.4-9.4 9.4-24.6 0-34z\"><\/path><\/svg><\/span>\t\t\t\t\t\n\t\t\t\t\t<span class=\"wd-list-content list-content\">\n\t\t\t\t\t\tSolu\u00e7\u00f5es sob medida\t\t\t\t\t<\/span>\n\n\t\t\t\t\t\t\t\t\t<\/li>\n\t\t\t\t\t\t\t\t\t\t\t<li class=\"elementor-repeater-item-8b37c2a\">\n\t\t\t\t\t\t\t\t\t\t\t<span class=\"wd-icon\"><svg class=\"e-font-icon-svg e-fas-chevron-circle-right\" viewBox=\"0 0 512 512\" xmlns=\"http:\/\/www.w3.org\/2000\/svg\"><path d=\"M256 8c137 0 248 111 248 248S393 504 256 504 8 393 8 256 119 8 256 8zm113.9 231L234.4 103.5c-9.4-9.4-24.6-9.4-33.9 0l-17 17c-9.4 9.4-9.4 24.6 0 33.9L285.1 256 183.5 357.6c-9.4 9.4-9.4 24.6 0 33.9l17 17c9.4 9.4 24.6 9.4 33.9 0L369.9 273c9.4-9.4 9.4-24.6 0-34z\"><\/path><\/svg><\/span>\t\t\t\t\t\n\t\t\t\t\t<span class=\"wd-list-content list-content\">\n\t\t\t\t\t\tCompromisso com o cliente\t\t\t\t\t<\/span>\n\n\t\t\t\t\t\t\t\t\t<\/li>\n\t\t\t\t\t<\/ul>\n\n\t\t\t\t\t\t<\/div>\n\t\t\t\t<\/div>\n\t\t\t\t\t<\/div>\n\t\t\t\t<\/div>\n\t\t<div class=\"wd-negative-gap elementor-element elementor-element-e53ba7b e-flex e-con-boxed e-con e-parent\" data-id=\"e53ba7b\" data-element_type=\"container\">\n\t\t\t\t\t<div class=\"e-con-inner\">\n\t\t\t\t<div class=\"elementor-element elementor-element-a6f2b31 wd-width-100 elementor-widget elementor-widget-wd_title\" data-id=\"a6f2b31\" data-element_type=\"widget\" data-widget_type=\"wd_title.default\">\n\t\t\t\t<div class=\"elementor-widget-container\">\n\t\t\t\t\t\t\t<div class=\"title-wrapper wd-set-mb reset-last-child wd-title-color-default wd-title-style-default wd-title-size-default text-left\">\n\n\t\t\t\n\t\t\t<div class=\"liner-continer\">\n\t\t\t\t<h4 class=\"woodmart-title-container title wd-fontsize-l\">O que fazemos?<\/h4> \n\t\t\t\t\t\t\t<\/div>\n\n\t\t\t\t\t\t\t<div class=\"title-after_title reset-last-child wd-fontsize-xs\">\n\t\t\t\t\t<p>Trabalhamos com <strong>manuten\u00e7\u00e3o preventiva e corretiva<\/strong>, al\u00e9m de reformas completas, instala\u00e7\u00e3o e regulagem de equipamentos.<\/p>\t\t\t\t<\/div>\n\t\t\t\t\t<\/div>\n\t\t\t\t\t\t<\/div>\n\t\t\t\t<\/div>\n\t\t\t\t<div class=\"elementor-element elementor-element-ad8de68 elementor-widget elementor-widget-wd_text_block\" data-id=\"ad8de68\" data-element_type=\"widget\" data-widget_type=\"wd_text_block.default\">\n\t\t\t\t<div class=\"elementor-widget-container\">\n\t\t\t\t\t\t\t<div class=\"wd-text-block reset-last-child text-left\">\n\t\t\t\n\t\t\t<p>Nossos principais servi\u00e7os incluem:<\/p>\n\t\t\t\t\t<\/div>\n\t\t\t\t\t\t<\/div>\n\t\t\t\t<\/div>\n\t\t\t\t<div class=\"elementor-element elementor-element-ccd2ad3 color-scheme-dark text-left elementor-widget elementor-widget-text-editor\" data-id=\"ccd2ad3\" data-element_type=\"widget\" data-widget_type=\"text-editor.default\">\n\t\t\t\t<div class=\"elementor-widget-container\"><ul>\n<li data-start=\"996\" data-end=\"1101\">\n<p data-start=\"998\" data-end=\"1101\">Manuten\u00e7\u00e3o de <strong data-start=\"1012\" data-end=\"1034\">fornos industriais<\/strong>, masseiras, modeladoras, divisoras, batedeiras, cilindros e mais<\/p>\n<\/li>\n<li data-start=\"1102\" data-end=\"1158\">\n<p data-start=\"1104\" data-end=\"1158\"><strong data-start=\"1104\" data-end=\"1136\">Reformas e recondicionamento<\/strong> de m\u00e1quinas antigas<\/p>\n<\/li>\n<li data-start=\"1159\" data-end=\"1250\">\n<p data-start=\"1161\" data-end=\"1250\">Avalia\u00e7\u00e3o t\u00e9cnica completa e orienta\u00e7\u00f5es sobre <strong data-start=\"1208\" data-end=\"1248\">custo-benef\u00edcio de reformas x trocas<\/strong><\/p>\n<\/li>\n<li data-start=\"1251\" data-end=\"1302\">\n<p data-start=\"1253\" data-end=\"1302\">Atendimento t\u00e9cnico especializado direto no local.<\/p>\n<\/li>\n<\/ul>\t\t\t\t\t\t\t\t<\/div>\n\t\t\t\t<\/div>\n\t\t\t\t<div class=\"elementor-element elementor-element-d064f54 wd-width-100 elementor-widget elementor-widget-wd_title\" data-id=\"d064f54\" data-element_type=\"widget\" data-widget_type=\"wd_title.default\">\n\t\t\t\t<div class=\"elementor-widget-container\">\n\t\t\t\t\t\t\t<div class=\"title-wrapper wd-set-mb reset-last-child wd-title-color-default wd-title-style-default wd-title-size-default text-left\">\n\n\t\t\t\n\t\t\t<div class=\"liner-continer\">\n\t\t\t\t<h4 class=\"woodmart-title-container title wd-fontsize-l\">Por que escolher a MR?<\/h4> \n\t\t\t\t\t\t\t<\/div>\n\n\t\t\t\t\t<\/div>\n\t\t\t\t\t\t<\/div>\n\t\t\t\t<\/div>\n\t\t\t\t<div class=\"elementor-element elementor-element-35bb84c color-scheme-dark text-left elementor-widget elementor-widget-text-editor\" data-id=\"35bb84c\" data-element_type=\"widget\" data-widget_type=\"text-editor.default\">\n\t\t\t\t<div class=\"elementor-widget-container\">\n\t\t\t\t\t\t\t\t\t<p data-start=\"1340\" data-end=\"1484\">\u2714\ufe0f <strong data-start=\"1343\" data-end=\"1372\">Confian\u00e7a e transpar\u00eancia<\/strong><br data-start=\"1372\" data-end=\"1375\" \/>Orientamos nossos clientes com base em diagn\u00f3sticos reais, sempre buscando a melhor solu\u00e7\u00e3o, com honestidade.<\/p>\n<p data-start=\"1486\" data-end=\"1629\">\u2714\ufe0f <strong data-start=\"1489\" data-end=\"1523\">Atendimento r\u00e1pido e eficiente<\/strong><br data-start=\"1523\" data-end=\"1526\" \/>Sabemos que cada hora de m\u00e1quina parada \u00e9 preju\u00edzo. Por isso, atuamos com agilidade e responsabilidade.<\/p>\n<p data-start=\"1631\" data-end=\"1758\">\u2714\ufe0f <strong data-start=\"1634\" data-end=\"1656\">Equipe qualificada<\/strong><br data-start=\"1656\" data-end=\"1659\" \/>T\u00e9cnicos treinados e experientes, com conhecimento t\u00e9cnico profundo em equipamentos de panifica\u00e7\u00e3o.<\/p>\n<p data-start=\"1760\" data-end=\"1901\">\u2714\ufe0f <strong data-start=\"1763\" data-end=\"1802\">Reformas que realmente valem a pena<\/strong><br data-start=\"1802\" data-end=\"1805\" \/>Transformamos m\u00e1quinas antigas em equipamentos prontos para mais anos de produ\u00e7\u00e3o, com garantia.<\/p>\t\t\t\t\t\t\t\t<\/div>\n\t\t\t\t<\/div>\n\t\t\t\t<div class=\"elementor-element elementor-element-0454076 wd-width-100 elementor-widget elementor-widget-wd_title\" data-id=\"0454076\" data-element_type=\"widget\" data-widget_type=\"wd_title.default\">\n\t\t\t\t<div class=\"elementor-widget-container\">\n\t\t\t\t\t\t\t<div class=\"title-wrapper wd-set-mb reset-last-child wd-title-color-default wd-title-style-default wd-title-size-default text-left\">\n\n\t\t\t\n\t\t\t<div class=\"liner-continer\">\n\t\t\t\t<h4 class=\"woodmart-title-container title wd-fontsize-l\">Atendemos Londrina e regi\u00e3o<\/h4> \n\t\t\t\t\t\t\t<\/div>\n\n\t\t\t\t\t\t\t<div class=\"title-after_title reset-last-child wd-fontsize-xs\">\n\t\t\t\t\t<p>Se voc\u00ea tem uma padaria, confeitaria, lanchonete ou cozinha profissional e quer garantir <strong>m\u00e1quinas funcionando no m\u00e1ximo desempenho<\/strong>, fale com a gente!<\/p>\t\t\t\t<\/div>\n\t\t\t\t\t<\/div>\n\t\t\t\t\t\t<\/div>\n\t\t\t\t<\/div>\n\t\t\t\t<div class=\"elementor-element elementor-element-03300b6 color-scheme-dark text-left elementor-widget elementor-widget-text-editor\" data-id=\"03300b6\" data-element_type=\"widget\" data-widget_type=\"text-editor.default\">\n\t\t\t\t<div class=\"elementor-widget-container\">\n\t\t\t\t\t\t\t\t\t<p><strong data-start=\"2099\" data-end=\"2128\">MR Manuten\u00e7\u00e3o de Padarias<\/strong><br data-start=\"2128\" data-end=\"2131\" \/>\ud83d\udccd Rua Cara\u00edbas, 493 \u2013 Vila G\u00f3es \u2013 Londrina \u2013 PR<br data-start=\"2179\" data-end=\"2182\" \/>\ud83d\udcde (43) 3344-6616 | \ud83d\udcf1 (43) 98806-5647<\/p>\t\t\t\t\t\t\t\t<\/div>\n\t\t\t\t<\/div>\n\t\t\t\t\t<\/div>\n\t\t\t\t<\/div>\t\t<\/div>\n\t\t","protected":false},"excerpt":{"rendered":"<p>Sobre a MR Seja bem-vindo (a) a MR Manuten\u00e7\u00e3o e Equipamentos de Panifica\u00e7\u00e3o A MR Manuten\u00e7\u00e3o e Equipamentos de Panifica\u00e7\u00e3o<\/p>\n","protected":false},"author":1,"featured_media":0,"parent":0,"menu_order":0,"comment_status":"closed","ping_status":"closed","template":"","meta":{"_joinchat":[],"footnotes":""},"class_list":["post-15735","page","type-page","status-publish","hentry"],"_links":{"self":[{"href":"https:\/\/mrmanutencaopadarias.com.br\/index.php?rest_route=\/wp\/v2\/pages\/15735","targetHints":{"allow":["GET"]}}],"collection":[{"href":"https:\/\/mrmanutencaopadarias.com.br\/index.php?rest_route=\/wp\/v2\/pages"}],"about":[{"href":"https:\/\/mrmanutencaopadarias.com.br\/index.php?rest_route=\/wp\/v2\/types\/page"}],"author":[{"embeddable":true,"href":"https:\/\/mrmanutencaopadarias.com.br\/index.php?rest_route=\/wp\/v2\/users\/1"}],"replies":[{"embeddable":true,"href":"https:\/\/mrmanutencaopadarias.com.br\/index.php?rest_route=%2Fwp%2Fv2%2Fcomments&post=15735"}],"version-history":[{"count":4,"href":"https:\/\/mrmanutencaopadarias.com.br\/index.php?rest_route=\/wp\/v2\/pages\/15735\/revisions"}],"predecessor-version":[{"id":28131,"href":"https:\/\/mrmanutencaopadarias.com.br\/index.php?rest_route=\/wp\/v2\/pages\/15735\/revisions\/28131"}],"wp:attachment":[{"href":"https:\/\/mrmanutencaopadarias.com.br\/index.php?rest_route=%2Fwp%2Fv2%2Fmedia&parent=15735"}],"curies":[{"name":"wp","href":"https:\/\/api.w.org\/{rel}","templated":true}]}}