{"id":28210,"date":"2025-06-02T17:47:50","date_gmt":"2025-06-02T20:47:50","guid":{"rendered":"https:\/\/mrmanutencaopadarias.com.br\/?post_type=product&#038;p=28210"},"modified":"2025-06-02T17:48:45","modified_gmt":"2025-06-02T20:48:45","slug":"forno-turbo-eletrico-ftm-300e-gourmetec-para-10-esteiras-epoxi","status":"publish","type":"product","link":"https:\/\/mrmanutencaopadarias.com.br\/?product=forno-turbo-eletrico-ftm-300e-gourmetec-para-10-esteiras-epoxi","title":{"rendered":"Forno Turbo El\u00e9trico FTM-300E Gourmetec para 10 Esteiras Ep\u00f3xi"},"content":{"rendered":"<p data-start=\"496\" data-end=\"681\">O <strong data-start=\"498\" data-end=\"544\">Forno Turbo El\u00e9trico FTM-300E da Gourmetec<\/strong> \u00e9 a escolha certa para padarias, confeitarias e cozinhas industriais que precisam de <strong data-start=\"630\" data-end=\"649\">alto rendimento<\/strong> com <strong data-start=\"654\" data-end=\"680\">qualidade no assamento<\/strong>.<\/p>\n<p data-start=\"683\" data-end=\"1020\">Com capacidade para <strong data-start=\"703\" data-end=\"731\">10 esteiras padr\u00e3o ep\u00f3xi<\/strong>, esse forno permite produzir grandes quantidades de p\u00e3es, bolos, salgados e outros itens com <strong data-start=\"825\" data-end=\"861\">padroniza\u00e7\u00e3o e economia de tempo<\/strong>. O sistema turbo (convec\u00e7\u00e3o for\u00e7ada) garante <strong data-start=\"907\" data-end=\"942\">distribui\u00e7\u00e3o homog\u00eanea do calor<\/strong>, resultando em produtos assados por igual, sem queimar ou deixar pontos crus.<\/p>\n<p data-start=\"1022\" data-end=\"1175\">Constru\u00eddo com <strong data-start=\"1037\" data-end=\"1091\">materiais resistentes e acabamento f\u00e1cil de limpar<\/strong>, o FTM-300E alia robustez, efici\u00eancia energ\u00e9tica e controle preciso de temperatura.<\/p>\n","protected":false},"excerpt":{"rendered":"<p>Alta produtividade e assamento uniforme com tecnologia turbo. Perfeito para padarias e confeitarias que exigem desempenho e efici\u00eancia.<\/p>\n<h3 data-start=\"1592\" data-end=\"1615\">\u2705 <strong data-start=\"1598\" data-end=\"1614\">Diferenciais<\/strong>:<\/h3>\n<ul data-start=\"1616\" data-end=\"1830\">\n<li data-start=\"1616\" data-end=\"1656\">\n<p data-start=\"1618\" data-end=\"1656\">Ideal para produ\u00e7\u00e3o em grande escala<\/p>\n<\/li>\n<li data-start=\"1657\" data-end=\"1702\">\n<p data-start=\"1659\" data-end=\"1702\">Assamento uniforme com ventila\u00e7\u00e3o for\u00e7ada<\/p>\n<\/li>\n<li data-start=\"1703\" data-end=\"1755\">\n<p data-start=\"1705\" data-end=\"1755\">Redu\u00e7\u00e3o de tempo de preparo e consumo de energia<\/p>\n<\/li>\n<li data-start=\"1756\" data-end=\"1785\">\n<p data-start=\"1758\" data-end=\"1785\">Opera\u00e7\u00e3o pr\u00e1tica e segura<\/p>\n<\/li>\n<li data-start=\"1786\" data-end=\"1830\">\n<p data-start=\"1788\" data-end=\"1830\">Design que facilita a limpeza e manuten\u00e7\u00e3o<\/p>\n<\/li>\n<\/ul>\n","protected":false},"featured_media":28212,"comment_status":"closed","ping_status":"closed","template":"","meta":{"_joinchat":[]},"product_brand":[113],"product_cat":[71,99,103],"product_tag":[107,106,108],"class_list":{"0":"post-28210","1":"product","2":"type-product","3":"status-publish","4":"has-post-thumbnail","6":"product_brand-gourmetec","7":"product_cat-fornos","8":"product_cat-maquinas","9":"product_cat-maquinas-equipamentos","10":"product_tag-forno-g-paniz","11":"product_tag-forno-gourmetec","12":"product_tag-forno-tedesco","14":"first","15":"instock","16":"shipping-taxable","17":"product-type-grouped"},"_links":{"self":[{"href":"https:\/\/mrmanutencaopadarias.com.br\/index.php?rest_route=\/wp\/v2\/product\/28210","targetHints":{"allow":["GET"]}}],"collection":[{"href":"https:\/\/mrmanutencaopadarias.com.br\/index.php?rest_route=\/wp\/v2\/product"}],"about":[{"href":"https:\/\/mrmanutencaopadarias.com.br\/index.php?rest_route=\/wp\/v2\/types\/product"}],"replies":[{"embeddable":true,"href":"https:\/\/mrmanutencaopadarias.com.br\/index.php?rest_route=%2Fwp%2Fv2%2Fcomments&post=28210"}],"version-history":[{"count":1,"href":"https:\/\/mrmanutencaopadarias.com.br\/index.php?rest_route=\/wp\/v2\/product\/28210\/revisions"}],"predecessor-version":[{"id":28211,"href":"https:\/\/mrmanutencaopadarias.com.br\/index.php?rest_route=\/wp\/v2\/product\/28210\/revisions\/28211"}],"wp:featuredmedia":[{"embeddable":true,"href":"https:\/\/mrmanutencaopadarias.com.br\/index.php?rest_route=\/wp\/v2\/media\/28212"}],"wp:attachment":[{"href":"https:\/\/mrmanutencaopadarias.com.br\/index.php?rest_route=%2Fwp%2Fv2%2Fmedia&parent=28210"}],"wp:term":[{"taxonomy":"product_brand","embeddable":true,"href":"https:\/\/mrmanutencaopadarias.com.br\/index.php?rest_route=%2Fwp%2Fv2%2Fproduct_brand&post=28210"},{"taxonomy":"product_cat","embeddable":true,"href":"https:\/\/mrmanutencaopadarias.com.br\/index.php?rest_route=%2Fwp%2Fv2%2Fproduct_cat&post=28210"},{"taxonomy":"product_tag","embeddable":true,"href":"https:\/\/mrmanutencaopadarias.com.br\/index.php?rest_route=%2Fwp%2Fv2%2Fproduct_tag&post=28210"}],"curies":[{"name":"wp","href":"https:\/\/api.w.org\/{rel}","templated":true}]}}